{"id":124,"date":"2018-09-04T10:12:35","date_gmt":"2018-09-04T10:12:35","guid":{"rendered":"http:\/\/sandberghof.org\/?page_id=124"},"modified":"2018-09-08T18:34:28","modified_gmt":"2018-09-08T18:34:28","slug":"links-2","status":"publish","type":"page","link":"https:\/\/sandberghof.org\/?page_id=124","title":{"rendered":"konzept"},"content":{"rendered":"\t\t<div data-elementor-type=\"wp-post\" data-elementor-id=\"124\" class=\"elementor elementor-124 elementor-bc-flex-widget\" data-elementor-settings=\"[]\">\n\t\t\t\t\t\t<div class=\"elementor-inner\">\n\t\t\t\t\t\t\t<div class=\"elementor-section-wrap\">\n\t\t\t\t\t\t\t<section class=\"elementor-section elementor-top-section elementor-element elementor-element-2017db4a elementor-section-boxed elementor-section-height-default elementor-section-height-default\" data-id=\"2017db4a\" data-element_type=\"section\">\n\t\t\t\t\t\t<div class=\"elementor-container elementor-column-gap-default\">\n\t\t\t\t\t\t\t<div class=\"elementor-row\">\n\t\t\t\t\t<div class=\"elementor-column elementor-col-100 elementor-top-column elementor-element elementor-element-319dddbf\" data-id=\"319dddbf\" data-element_type=\"column\">\n\t\t\t<div class=\"elementor-column-wrap elementor-element-populated\">\n\t\t\t\t\t\t\t<div class=\"elementor-widget-wrap\">\n\t\t\t\t\t\t<div class=\"elementor-element elementor-element-aa50e23 elementor-widget elementor-widget-spacer\" data-id=\"aa50e23\" data-element_type=\"widget\" data-widget_type=\"spacer.default\">\n\t\t\t\t<div class=\"elementor-widget-container\">\n\t\t\t\t\t<div class=\"elementor-spacer\">\n\t\t\t<div class=\"elementor-spacer-inner\"><\/div>\n\t\t<\/div>\n\t\t\t\t<\/div>\n\t\t\t\t<\/div>\n\t\t\t\t<div class=\"elementor-element elementor-element-2f0f00b5 elementor-widget elementor-widget-heading\" data-id=\"2f0f00b5\" data-element_type=\"widget\" data-widget_type=\"heading.default\">\n\t\t\t\t<div class=\"elementor-widget-container\">\n\t\t\t<h2 class=\"elementor-heading-title elementor-size-xxl\">Konzept<\/h2>\t\t<\/div>\n\t\t\t\t<\/div>\n\t\t\t\t\t\t<\/div>\n\t\t\t\t\t<\/div>\n\t\t<\/div>\n\t\t\t\t\t\t\t\t<\/div>\n\t\t\t\t\t<\/div>\n\t\t<\/section>\n\t\t\t\t<section class=\"elementor-section elementor-top-section elementor-element elementor-element-afda876 elementor-section-boxed elementor-section-height-default elementor-section-height-default\" data-id=\"afda876\" data-element_type=\"section\">\n\t\t\t\t\t\t<div class=\"elementor-container elementor-column-gap-default\">\n\t\t\t\t\t\t\t<div class=\"elementor-row\">\n\t\t\t\t\t<div class=\"elementor-column elementor-col-33 elementor-top-column elementor-element elementor-element-abc6fc6\" data-id=\"abc6fc6\" data-element_type=\"column\">\n\t\t\t<div class=\"elementor-column-wrap elementor-element-populated\">\n\t\t\t\t\t\t\t<div class=\"elementor-widget-wrap\">\n\t\t\t\t\t\t<div class=\"elementor-element elementor-element-3859cce elementor-widget elementor-widget-text-editor\" data-id=\"3859cce\" data-element_type=\"widget\" data-widget_type=\"text-editor.default\">\n\t\t\t\t<div class=\"elementor-widget-container\">\n\t\t\t\t\t\t\t\t<div class=\"elementor-text-editor elementor-clearfix\">\n\t\t\t\t<p><em>\u201eImmer mehr Menschen werden immer \u00e4lter. Auch die Bed\u00fcrfnisse, die in diesem Lebensabschnitt entstehen, haben sich ver\u00e4ndert. Wohnen in der eigenen Wohnung, in der vertrauten Umgebung und mit den gewachsenen Kontakten, Selbst\u00e4ndigkeit und Selbstbestimmung bei gleichzeitiger Sicherheit haben heute erste Priorit\u00e4t.\u201c \u201eAuf der Suche nach Alternativen zum Heim wird das Gemeinschaftliche Wohnen im Alter immer wieder als besonders sinnvolle L\u00f6sung diskutiert. Das Zusammenleben mit anderen bewahrt vor Vereinsamung und sorgt f\u00fcr ein anregendes soziales Umfeld. Gegenseitige Unterst\u00fctzung kann Versorgungsl\u00fccken der professionellen Dienste im sozialen Bereich ausgleichen und dazu beitragen, die Selbst\u00e4ndigkeit der Lebensf\u00fchrung lange zu erhalten.\u201c (aus: www.sozialnetz-hessen.de)<\/em><\/p><p>Laut Statistik leben 93 % der alten Bev\u00f6lkerung in ihrer angestammten Wohnung. Die restlichen 7% leben in verschiedenen Alteneinrichtungen, wobei man davon ausgehen mu\u00df, dass diese <em>nicht mehr<\/em> in ihrer angestammten Wohnung leben k\u00f6nnen oder wollen.<\/p><p style=\"text-align: left;\">Wir halten es f\u00fcr die beste M\u00f6glichkeit zu diesen 93% zu geh\u00f6ren.<\/p><p>Wir sind eine Gruppe von Menschen, die ihre Zukunft im Blick hat. Vorrausschauend besch\u00e4ftigen wir uns mit den Fragen nach den Bed\u00fcrfnissen f\u00fcr das Wohnen und Leben in der letzten Lebensphase.<\/p><p>Um die h\u00f6chste individuelle Wohn- und Lebensqualit\u00e4t und Autonomie f\u00fcr uns alle so lange wie m\u00f6glich zu gew\u00e4hrleisten, haben wir uns zu einem Wohnprojekt zusammengefunden. Die positiven Erfahrungen anderer Wohnprojekte, wie z.B. im \u201eForum f\u00fcr gemeinschaftliches Wohnen im Alter\u201c best\u00e4rken uns in unserer Absicht.<\/p>\t\t\t\t\t<\/div>\n\t\t\t\t\t\t<\/div>\n\t\t\t\t<\/div>\n\t\t\t\t\t\t<\/div>\n\t\t\t\t\t<\/div>\n\t\t<\/div>\n\t\t\t\t<div class=\"elementor-column elementor-col-33 elementor-top-column elementor-element elementor-element-d7ed7e4\" data-id=\"d7ed7e4\" data-element_type=\"column\">\n\t\t\t<div class=\"elementor-column-wrap\">\n\t\t\t\t\t\t\t<div class=\"elementor-widget-wrap\">\n\t\t\t\t\t\t\t\t<\/div>\n\t\t\t\t\t<\/div>\n\t\t<\/div>\n\t\t\t\t<div class=\"elementor-column elementor-col-33 elementor-top-column elementor-element elementor-element-6286250\" data-id=\"6286250\" data-element_type=\"column\">\n\t\t\t<div class=\"elementor-column-wrap elementor-element-populated\">\n\t\t\t\t\t\t\t<div class=\"elementor-widget-wrap\">\n\t\t\t\t\t\t<div class=\"elementor-element elementor-element-c854edf elementor-widget elementor-widget-image\" data-id=\"c854edf\" data-element_type=\"widget\" data-widget_type=\"image.default\">\n\t\t\t\t<div class=\"elementor-widget-container\">\n\t\t\t\t\t\t\t\t<div class=\"elementor-image\">\n\t\t\t\t\t\t\t\t\t\t\t\t<img decoding=\"async\" src=\"https:\/\/sandberghof.org\/wp-content\/uploads\/2018\/09\/Lageplan.jpg\" title=\"Lageplan\" alt=\"Lageplan\" \/>\t\t\t\t\t\t\t\t\t\t\t\t\t\t<\/div>\n\t\t\t\t\t\t<\/div>\n\t\t\t\t<\/div>\n\t\t\t\t\t\t<\/div>\n\t\t\t\t\t<\/div>\n\t\t<\/div>\n\t\t\t\t\t\t\t\t<\/div>\n\t\t\t\t\t<\/div>\n\t\t<\/section>\n\t\t\t\t<section class=\"elementor-section elementor-top-section elementor-element elementor-element-a4bc32d elementor-section-boxed elementor-section-height-default elementor-section-height-default\" data-id=\"a4bc32d\" data-element_type=\"section\">\n\t\t\t\t\t\t<div class=\"elementor-container elementor-column-gap-default\">\n\t\t\t\t\t\t\t<div class=\"elementor-row\">\n\t\t\t\t\t<div class=\"elementor-column elementor-col-100 elementor-top-column elementor-element elementor-element-36e7fda\" data-id=\"36e7fda\" data-element_type=\"column\">\n\t\t\t<div class=\"elementor-column-wrap elementor-element-populated\">\n\t\t\t\t\t\t\t<div class=\"elementor-widget-wrap\">\n\t\t\t\t\t\t<div class=\"elementor-element elementor-element-a792147 elementor-widget elementor-widget-text-editor\" data-id=\"a792147\" data-element_type=\"widget\" data-widget_type=\"text-editor.default\">\n\t\t\t\t<div class=\"elementor-widget-container\">\n\t\t\t\t\t\t\t\t<div class=\"elementor-text-editor elementor-clearfix\">\n\t\t\t\t<p><strong>Gemeinschaftlich<\/strong><\/p><p><strong>Baulich-r\u00e4umliche Ziele<\/strong><\/p><ul><li>gute Infrastruktur im Wohnumfeld (\u00d6PNV, Einkaufsm\u00f6glichkeiten, \u00c4rzte, kulturelle Einrichtungen, Gr\u00fcnanlagen)<\/li><li>Verkn\u00fcpfung von wohnen, leben, arbeiten, Freizeit gestalten \u2013 bei Ausschluss von st\u00f6rendem Gewerbe<\/li><li>angemessene Wohnfl\u00e4che (65 bis 90 m\u00b2 pro Haushalt)<\/li><li>abgeschlossene Wohneinheiten mit allen Grundwohnfunktionen<\/li><li>selbstbestimmte Wohnraumgrundrissgestaltung<\/li><li>gemeinschaftliche Nutzung von Funktionsr\u00e4umen und -fl\u00e4chen sowie gemeinsame Gartenpflege<\/li><li>Barrierefreiheit m\u00f6glichst in allen Wohneinheiten und in den gemeinschaftlichen R\u00e4umen.<\/li><\/ul><p>\u00a0<\/p><p><strong>Sozial-kulturelle Ziele<\/strong><\/p><ul><li>Verhinderung sozialer Isolation durch gemeinsame Erfahrungen und pers\u00f6nliche Unterst\u00fctzung in unterschiedlichen Lebenssituationen<\/li><li>Entfaltung der Lebensm\u00f6glichkeiten aller Projektmitglieder durch gegenseitige Unterst\u00fctzung und F\u00f6rderung<\/li><li>demokratische Entscheidungsfindung<\/li><li>St\u00e4rkung der Gruppenzusammengeh\u00f6rigkeit durch k\u00fcnstlerische Aktivit\u00e4ten und kulturelle Angebote auch nach au\u00dfen<\/li><li>Herstellung und Pflege nachbarschaftlicher und stadtteilbezogener Kontakte<\/li><li>Einbeziehung professioneller Hilfen zur Vermeidung von z.B. Pflegeheimeinweisungen oder l\u00e4ngeren Krankenhausaufenthalten<\/li><\/ul><p>\u00a0<\/p><p>Wir wollen das Miteinander \u00fcben und uns damit so gut kennen lernen, dass wir auch schwierigen Lebenssituationen besser gewachsen sind. Das hat nicht unbedingt etwas mit dem Alter zu tun.<\/p><p>\u00a0<\/p><p><strong>Selbstorganisiert<\/strong><\/p><p><strong>Partizipationsziele<\/strong><\/p><ul><li>Intensive Beteiligung aller Mitglieder an den Planungs- und Umsetzungsprozessen<\/li><li>Vernetzung mit anderen zukunftsweisenden Wohnprojekten und deren Dachorganisationen<\/li><\/ul><p><strong>\u00a0<\/strong><\/p><p><strong>Nachhaltig<\/strong><\/p><p><strong>\u00d6konomische Ziele<\/strong><\/p><ul><li>Kosteneinsparungen durch ehrenamtliche T\u00e4tigkeiten und Selbsthilfe der Mitglieder im Planungs-, Umsetzungs- und Nutzungsprozess.<\/li><li>Effektiver Einsatz von G\u00fctern durch gemeinsamen Besitz (Autos, Waschmaschinen etc.), Verantwortlichkeit und Nutzung<\/li><li>Verhinderung spekulativer Verwertung von Wohneigentum<\/li><\/ul><p>\u00a0<\/p><p><strong>\u00d6kologische Ziele<\/strong><\/p><ul><li>Schonender Umgang mit Naturg\u00fctern und Materialien unter Ber\u00fccksichtigung der \u00f6rtlichen Verh\u00e4ltnisse (Zisterne)<\/li><li>Weiterentwicklung der \u00f6kologischen Qualit\u00e4ten des Standortes<\/li><li>Nutzung regenerativer Energien(Fotovoltaikanlage)<\/li><li>Internes Carsharing<\/li><\/ul>\t\t\t\t\t<\/div>\n\t\t\t\t\t\t<\/div>\n\t\t\t\t<\/div>\n\t\t\t\t\t\t<\/div>\n\t\t\t\t\t<\/div>\n\t\t<\/div>\n\t\t\t\t\t\t\t\t<\/div>\n\t\t\t\t\t<\/div>\n\t\t<\/section>\n\t\t\t\t\t\t<\/div>\n\t\t\t\t\t\t<\/div>\n\t\t\t\t\t<\/div>\n\t\t","protected":false},"excerpt":{"rendered":"<p>Konzept \u201eImmer mehr Menschen werden immer \u00e4lter. Auch die Bed\u00fcrfnisse, die in diesem Lebensabschnitt entstehen, haben sich ver\u00e4ndert. Wohnen in der eigenen Wohnung, in der vertrauten Umgebung und mit den gewachsenen Kontakten, Selbst\u00e4ndigkeit und Selbstbestimmung bei gleichzeitiger Sicherheit haben heute erste Priorit\u00e4t.\u201c \u201eAuf der Suche nach Alternativen zum Heim wird das Gemeinschaftliche Wohnen im Alter [&hellip;]<\/p>\n","protected":false},"author":1,"featured_media":0,"parent":0,"menu_order":0,"comment_status":"closed","ping_status":"closed","template":"elementor_header_footer","meta":{"footnotes":""},"_links":{"self":[{"href":"https:\/\/sandberghof.org\/index.php?rest_route=\/wp\/v2\/pages\/124"}],"collection":[{"href":"https:\/\/sandberghof.org\/index.php?rest_route=\/wp\/v2\/pages"}],"about":[{"href":"https:\/\/sandberghof.org\/index.php?rest_route=\/wp\/v2\/types\/page"}],"author":[{"embeddable":true,"href":"https:\/\/sandberghof.org\/index.php?rest_route=\/wp\/v2\/users\/1"}],"replies":[{"embeddable":true,"href":"https:\/\/sandberghof.org\/index.php?rest_route=%2Fwp%2Fv2%2Fcomments&post=124"}],"version-history":[{"count":12,"href":"https:\/\/sandberghof.org\/index.php?rest_route=\/wp\/v2\/pages\/124\/revisions"}],"predecessor-version":[{"id":390,"href":"https:\/\/sandberghof.org\/index.php?rest_route=\/wp\/v2\/pages\/124\/revisions\/390"}],"wp:attachment":[{"href":"https:\/\/sandberghof.org\/index.php?rest_route=%2Fwp%2Fv2%2Fmedia&parent=124"}],"curies":[{"name":"wp","href":"https:\/\/api.w.org\/{rel}","templated":true}]}}